{"id":3377,"date":"2022-07-15T09:37:11","date_gmt":"2022-07-15T09:37:11","guid":{"rendered":"https:\/\/www.harmony.nl\/?page_id=3377"},"modified":"2024-05-22T06:51:40","modified_gmt":"2024-05-22T06:51:40","slug":"police-dassurance","status":"publish","type":"page","link":"https:\/\/www.harmony.nl\/fr\/police-dassurance\/","title":{"rendered":"Police d\u2019assurance"},"content":{"rendered":"<p>Afin de vous fournir les meilleures informations possibles avant de souscrire l&rsquo;une de nos polices d&rsquo;assurance, il existe un document d&rsquo;information sur les produits d&rsquo;assurance (Police d\u2019assurance). Nous appelons ce document la carte d&rsquo;assurance. Dans ce document, vous trouverez un aper\u00e7u clair et concis de tout ce que vous devez savoir sur les assurances que nous proposons. Ainsi, vous savez exactement o\u00f9 vous en \u00eates.<\/p>\n<p>Toutes les cartes d&rsquo;assurance ne s&rsquo;appliquent pas \u00e0 toutes les assurances. Chez Harmony, nous faisons la distinction entre les documents suivants :<\/p>\n","protected":false},"excerpt":{"rendered":"<p>Afin de vous fournir les meilleures informations possibles avant de souscrire l&rsquo;une de nos polices d&rsquo;assurance, il existe un document d&rsquo;information sur les produits d&rsquo;assurance (Police d\u2019assurance). Nous appelons ce document la carte d&rsquo;assurance. Dans ce document, vous trouverez un aper\u00e7u clair et concis de tout ce que vous devez [&hellip;]<\/p>\n","protected":false},"author":1,"featured_media":0,"parent":0,"menu_order":0,"comment_status":"closed","ping_status":"closed","template":"page-templates\/ipid_v2.php","meta":{"_acf_changed":false,"footnotes":""},"categories":[],"tags":[],"class_list":["post-3377","page","type-page","status-publish","hentry"],"yoast_head":"<!-- This site is optimized with the Yoast SEO plugin v27.4 - https:\/\/yoast.com\/product\/yoast-seo-wordpress\/ -->\n<title>Police d\u2019assurance - Harmony verzekeringen<\/title>\n<meta name=\"robots\" content=\"noindex, follow\" \/>\n<meta property=\"og:locale\" content=\"fr_FR\" \/>\n<meta property=\"og:type\" content=\"article\" \/>\n<meta property=\"og:title\" content=\"Police d\u2019assurance - Harmony verzekeringen\" \/>\n<meta property=\"og:description\" content=\"Afin de vous fournir les meilleures informations possibles avant de souscrire l&rsquo;une de nos polices d&rsquo;assurance, il existe un document d&rsquo;information sur les produits d&rsquo;assurance (Police d\u2019assurance). Nous appelons ce document la carte d&rsquo;assurance. Dans ce document, vous trouverez un aper\u00e7u clair et concis de tout ce que vous devez [&hellip;]\" \/>\n<meta property=\"og:url\" content=\"https:\/\/www.harmony.nl\/fr\/police-dassurance\/\" \/>\n<meta property=\"og:site_name\" content=\"Harmony verzekeringen\" \/>\n<meta property=\"article:modified_time\" content=\"2024-05-22T06:51:40+00:00\" \/>\n<meta name=\"twitter:card\" content=\"summary_large_image\" \/>\n<meta name=\"twitter:label1\" content=\"Dur\u00e9e de lecture estim\u00e9e\" \/>\n\t<meta name=\"twitter:data1\" content=\"1 minute\" \/>\n<script type=\"application\/ld+json\" class=\"yoast-schema-graph\">{\"@context\":\"https:\\\/\\\/schema.org\",\"@graph\":[{\"@type\":\"WebPage\",\"@id\":\"https:\\\/\\\/www.harmony.nl\\\/fr\\\/police-dassurance\\\/\",\"url\":\"https:\\\/\\\/www.harmony.nl\\\/fr\\\/police-dassurance\\\/\",\"name\":\"Police d\u2019assurance - Harmony verzekeringen\",\"isPartOf\":{\"@id\":\"https:\\\/\\\/www.harmony.nl\\\/#website\"},\"datePublished\":\"2022-07-15T09:37:11+00:00\",\"dateModified\":\"2024-05-22T06:51:40+00:00\",\"breadcrumb\":{\"@id\":\"https:\\\/\\\/www.harmony.nl\\\/fr\\\/police-dassurance\\\/#breadcrumb\"},\"inLanguage\":\"fr-FR\",\"potentialAction\":[{\"@type\":\"ReadAction\",\"target\":[\"https:\\\/\\\/www.harmony.nl\\\/fr\\\/police-dassurance\\\/\"]}]},{\"@type\":\"BreadcrumbList\",\"@id\":\"https:\\\/\\\/www.harmony.nl\\\/fr\\\/police-dassurance\\\/#breadcrumb\",\"itemListElement\":[{\"@type\":\"ListItem\",\"position\":1,\"name\":\"Home\",\"item\":\"https:\\\/\\\/www.harmony.nl\\\/fr\\\/home-2\\\/\"},{\"@type\":\"ListItem\",\"position\":2,\"name\":\"Police d\u2019assurance\"}]},{\"@type\":\"WebSite\",\"@id\":\"https:\\\/\\\/www.harmony.nl\\\/#website\",\"url\":\"https:\\\/\\\/www.harmony.nl\\\/\",\"name\":\"Harmony verzekeringen\",\"description\":\"Why worry?\",\"publisher\":{\"@id\":\"https:\\\/\\\/www.harmony.nl\\\/#organization\"},\"potentialAction\":[{\"@type\":\"SearchAction\",\"target\":{\"@type\":\"EntryPoint\",\"urlTemplate\":\"https:\\\/\\\/www.harmony.nl\\\/?s={search_term_string}\"},\"query-input\":{\"@type\":\"PropertyValueSpecification\",\"valueRequired\":true,\"valueName\":\"search_term_string\"}}],\"inLanguage\":\"fr-FR\"},{\"@type\":\"Organization\",\"@id\":\"https:\\\/\\\/www.harmony.nl\\\/#organization\",\"name\":\"Harmony verzekeringen\",\"url\":\"https:\\\/\\\/www.harmony.nl\\\/\",\"logo\":{\"@type\":\"ImageObject\",\"inLanguage\":\"fr-FR\",\"@id\":\"https:\\\/\\\/www.harmony.nl\\\/#\\\/schema\\\/logo\\\/image\\\/\",\"url\":\"https:\\\/\\\/www.harmony.nl\\\/wp-content\\\/uploads\\\/2026\\\/01\\\/cropped-cropped-Harmony_Logo_RGB-Horizontal@2x-1-25.png\",\"contentUrl\":\"https:\\\/\\\/www.harmony.nl\\\/wp-content\\\/uploads\\\/2026\\\/01\\\/cropped-cropped-Harmony_Logo_RGB-Horizontal@2x-1-25.png\",\"width\":313,\"height\":54,\"caption\":\"Harmony verzekeringen\"},\"image\":{\"@id\":\"https:\\\/\\\/www.harmony.nl\\\/#\\\/schema\\\/logo\\\/image\\\/\"}}]}<\/script>\n<!-- \/ Yoast SEO plugin. -->","yoast_head_json":{"title":"Police d\u2019assurance - Harmony verzekeringen","robots":{"index":"noindex","follow":"follow"},"og_locale":"fr_FR","og_type":"article","og_title":"Police d\u2019assurance - Harmony verzekeringen","og_description":"Afin de vous fournir les meilleures informations possibles avant de souscrire l&rsquo;une de nos polices d&rsquo;assurance, il existe un document d&rsquo;information sur les produits d&rsquo;assurance (Police d\u2019assurance). Nous appelons ce document la carte d&rsquo;assurance. Dans ce document, vous trouverez un aper\u00e7u clair et concis de tout ce que vous devez [&hellip;]","og_url":"https:\/\/www.harmony.nl\/fr\/police-dassurance\/","og_site_name":"Harmony verzekeringen","article_modified_time":"2024-05-22T06:51:40+00:00","twitter_card":"summary_large_image","twitter_misc":{"Dur\u00e9e de lecture estim\u00e9e":"1 minute"},"schema":{"@context":"https:\/\/schema.org","@graph":[{"@type":"WebPage","@id":"https:\/\/www.harmony.nl\/fr\/police-dassurance\/","url":"https:\/\/www.harmony.nl\/fr\/police-dassurance\/","name":"Police d\u2019assurance - Harmony verzekeringen","isPartOf":{"@id":"https:\/\/www.harmony.nl\/#website"},"datePublished":"2022-07-15T09:37:11+00:00","dateModified":"2024-05-22T06:51:40+00:00","breadcrumb":{"@id":"https:\/\/www.harmony.nl\/fr\/police-dassurance\/#breadcrumb"},"inLanguage":"fr-FR","potentialAction":[{"@type":"ReadAction","target":["https:\/\/www.harmony.nl\/fr\/police-dassurance\/"]}]},{"@type":"BreadcrumbList","@id":"https:\/\/www.harmony.nl\/fr\/police-dassurance\/#breadcrumb","itemListElement":[{"@type":"ListItem","position":1,"name":"Home","item":"https:\/\/www.harmony.nl\/fr\/home-2\/"},{"@type":"ListItem","position":2,"name":"Police d\u2019assurance"}]},{"@type":"WebSite","@id":"https:\/\/www.harmony.nl\/#website","url":"https:\/\/www.harmony.nl\/","name":"Harmony verzekeringen","description":"Why worry?","publisher":{"@id":"https:\/\/www.harmony.nl\/#organization"},"potentialAction":[{"@type":"SearchAction","target":{"@type":"EntryPoint","urlTemplate":"https:\/\/www.harmony.nl\/?s={search_term_string}"},"query-input":{"@type":"PropertyValueSpecification","valueRequired":true,"valueName":"search_term_string"}}],"inLanguage":"fr-FR"},{"@type":"Organization","@id":"https:\/\/www.harmony.nl\/#organization","name":"Harmony verzekeringen","url":"https:\/\/www.harmony.nl\/","logo":{"@type":"ImageObject","inLanguage":"fr-FR","@id":"https:\/\/www.harmony.nl\/#\/schema\/logo\/image\/","url":"https:\/\/www.harmony.nl\/wp-content\/uploads\/2026\/01\/cropped-cropped-Harmony_Logo_RGB-Horizontal@2x-1-25.png","contentUrl":"https:\/\/www.harmony.nl\/wp-content\/uploads\/2026\/01\/cropped-cropped-Harmony_Logo_RGB-Horizontal@2x-1-25.png","width":313,"height":54,"caption":"Harmony verzekeringen"},"image":{"@id":"https:\/\/www.harmony.nl\/#\/schema\/logo\/image\/"}}]}},"acf":[],"_links":{"self":[{"href":"https:\/\/www.harmony.nl\/fr\/wp-json\/wp\/v2\/pages\/3377\/"}],"collection":[{"href":"https:\/\/www.harmony.nl\/fr\/wp-json\/wp\/v2\/pages\/"}],"about":[{"href":"https:\/\/www.harmony.nl\/fr\/wp-json\/wp\/v2\/types\/page\/"}],"author":[{"embeddable":true,"href":"https:\/\/www.harmony.nl\/fr\/wp-json\/wp\/v2\/users\/1\/"}],"replies":[{"embeddable":true,"href":"https:\/\/www.harmony.nl\/fr\/wp-json\/wp\/v2\/comments\/?post=3377"}],"version-history":[{"count":26,"href":"https:\/\/www.harmony.nl\/fr\/wp-json\/wp\/v2\/pages\/3377\/revisions\/"}],"predecessor-version":[{"id":4531,"href":"https:\/\/www.harmony.nl\/fr\/wp-json\/wp\/v2\/pages\/3377\/revisions\/4531\/"}],"wp:attachment":[{"href":"https:\/\/www.harmony.nl\/fr\/wp-json\/wp\/v2\/media\/?parent=3377"}],"wp:term":[{"taxonomy":"category","embeddable":true,"href":"https:\/\/www.harmony.nl\/fr\/wp-json\/wp\/v2\/categories\/?post=3377"},{"taxonomy":"post_tag","embeddable":true,"href":"https:\/\/www.harmony.nl\/fr\/wp-json\/wp\/v2\/tags\/?post=3377"}],"curies":[{"name":"wp","href":"https:\/\/api.w.org\/{rel}","templated":true}]}}